{"id":1378,"date":"2025-09-03T18:19:34","date_gmt":"2025-09-03T16:19:34","guid":{"rendered":"https:\/\/eduardomendozadesign.com\/?page_id=1378"},"modified":"2025-11-24T06:24:56","modified_gmt":"2025-11-24T05:24:56","slug":"conoceme","status":"publish","type":"page","link":"https:\/\/eduardomendozadesign.com\/es\/conoceme\/","title":{"rendered":"Con\u00f3ceme"},"content":{"rendered":"\t\t<div data-elementor-type=\"wp-page\" data-elementor-id=\"1378\" class=\"elementor elementor-1378\" data-elementor-settings=\"{&quot;ha_cmc_init_switcher&quot;:&quot;no&quot;}\">\n\t\t\t\t<div class=\"elementor-element elementor-element-f06c651 e-con-full conoceme_header e-flex e-con e-parent\" data-id=\"f06c651\" data-element_type=\"container\" data-e-type=\"container\" id=\"conoceme_header\" data-settings=\"{&quot;_ha_eqh_enable&quot;:false}\">\n\t\t\t\t<div class=\"elementor-element elementor-element-1749925 elementor-widget elementor-widget-page_header\" data-id=\"1749925\" data-element_type=\"widget\" data-e-type=\"widget\" data-widget_type=\"page_header.default\">\n\t\t\t\t<div class=\"elementor-widget-container\">\n\t\t\t\t\t\n<div class=\"page-caption\">\n\t        <canvas class=\"scene scene--full\" id=\"scene\"><\/canvas>\n\t        <div class=\"spacer-300 spacer-md-200\"><\/div>\n        <div class=\"container\">\n\t\t\t            <h2 class=\"title text-anime\"><\/h2>\n\t\t\t\t\t\t\t\t\t\t\t<div class=\"spacer-30 spacer-sm-15\"><\/div>\n\t\t\t\t<h6 class=\"text-anime sub-caption\"><\/h6>\n\t\t\t\t        <\/div>\n    <\/div>\n\n\t\t\t\t<\/div>\n\t\t\t\t<\/div>\n\t\t\t\t<\/div>\n\t\t<div class=\"elementor-element elementor-element-cc651b9 e-con-full secc_quiensoy e-flex e-con e-parent\" data-id=\"cc651b9\" data-element_type=\"container\" data-e-type=\"container\" id=\"secc_quiensoy\" data-settings=\"{&quot;_ha_eqh_enable&quot;:false}\">\n\t\t<div class=\"elementor-element elementor-element-e6d6580 e-grid e-con-boxed e-con e-child\" data-id=\"e6d6580\" data-element_type=\"container\" data-e-type=\"container\" data-settings=\"{&quot;_ha_eqh_enable&quot;:false}\">\n\t\t\t\t\t<div class=\"e-con-inner\">\n\t\t\t\t<div class=\"elementor-element elementor-element-6d018d0 elementor-invisible elementor-widget elementor-widget-text-editor\" data-id=\"6d018d0\" data-element_type=\"widget\" data-e-type=\"widget\" data-settings=\"{&quot;_animation&quot;:&quot;fadeInUp&quot;,&quot;_animation_delay&quot;:1000}\" data-widget_type=\"text-editor.default\">\n\t\t\t\t\t\t\t\t\t<p>Soy un convencido de que la est\u00e9tica es cuesti\u00f3n de perspectiva y de que, si tenemos el valor de crear con libertad, siempre podremos descubrir im\u00e1genes hermosas.<\/p><p>Mi talento se basa en crear nueva belleza con los elementos que ya existen, como lo hace un alquimista; y hoy me siento feliz de estar a tu disposici\u00f3n para descubrir juntos el enorme potencial est\u00e9tico que se oculta como un tesoro en ese espacio que tu llamas hogar.<\/p>\t\t\t\t\t\t\t\t<\/div>\n\t\t\t\t<div class=\"elementor-element elementor-element-d270fe4 elementor-invisible elementor-widget elementor-widget-image\" data-id=\"d270fe4\" data-element_type=\"widget\" data-e-type=\"widget\" data-settings=\"{&quot;_animation&quot;:&quot;fadeInUp&quot;,&quot;_animation_delay&quot;:1000}\" data-widget_type=\"image.default\">\n\t\t\t\t\t\t\t\t\t\t\t\t\t\t\t<img fetchpriority=\"high\" decoding=\"async\" width=\"400\" height=\"600\" src=\"https:\/\/eduardomendozadesign.com\/wp-content\/uploads\/2025\/09\/conoceme-1.webp\" class=\"attachment-large size-large wp-image-1970\" alt=\"\" srcset=\"https:\/\/eduardomendozadesign.com\/wp-content\/uploads\/2025\/09\/conoceme-1.webp 400w, https:\/\/eduardomendozadesign.com\/wp-content\/uploads\/2025\/09\/conoceme-1-200x300.webp 200w\" sizes=\"(max-width: 400px) 100vw, 400px\" \/>\t\t\t\t\t\t\t\t\t\t\t\t\t\t\t<\/div>\n\t\t\t\t\t<\/div>\n\t\t\t\t<\/div>\n\t\t\t\t<\/div>\n\t\t<div class=\"elementor-element elementor-element-27dee64 e-con-full secc_quiensoy elementor-hidden-desktop elementor-hidden-tablet elementor-hidden-mobile e-flex e-con e-parent\" data-id=\"27dee64\" data-element_type=\"container\" data-e-type=\"container\" data-settings=\"{&quot;_ha_eqh_enable&quot;:false}\">\n\t\t\t\t<div class=\"elementor-element elementor-element-069a8b8 elementor-widget elementor-widget-about_flen_3\" data-id=\"069a8b8\" data-element_type=\"widget\" data-e-type=\"widget\" data-widget_type=\"about_flen_3.default\">\n\t\t\t\t<div class=\"elementor-widget-container\">\n\t\t\t\t\t\n\n<div class=\"spacer-150 spacer-md-90 spacer-sm-60\"><\/div>\n<div class=\"about-flen-three\" id=\"content-3\">\n            <div class=\"row\">\n                <div class=\"col-xl-5 col-lg-5 col-md-11 left-area\">\n                    <h6 class=\"text-anime\">Mi nombre es Eduardo Mendoza y quiero que me conozcas.<br>\n\nSoy un convencido de que la est\u00e9tica es cuesti\u00f3n de perspectiva y de que, si tenemos el valor de crear con libertad, podemos descubrir im\u00e1genes hermosas ocultas incluso en medio de nuestro entorno m\u00e1s cercano.\n<\/h6>\n                    <!-- Number -->\n                    <div class=\"spacer-60 spacer-md-30\"><\/div>\n                    <div class=\"row about-number\">\n                        <div class=\"col-3 counter fade-up-anime\">\n                            <div class=\"count-number\">36<\/div>\n                            <div class=\"right-side\">\n                                <div class=\"plus\"><span>+<\/span><\/div>\n                            <\/div>\n                        <\/div>\n                        <div class=\"col\">\n                            <p class=\"little text-anime\">Clientes con los que he trabajado<\/p>\n                        <\/div>\n                        <div class=\"spacer-60 spacer-md-30\"><\/div>\n                        <hr>\n                    <\/div>\n                <\/div>\n\n                <div class=\"col-xl-5 col-lg-5 col-md-10 col-10 offset-1 offset-md-1 offset-lg-2 offset-xl-2\">\n                    <p class=\"text-anime right-area\">Desde ni\u00f1o me fascinaron las formas, las texturas, los colores, y con el tiempo aprend\u00ed que si somos capaces de combinarlos con audacia creativa, podemos convertir la vida en un gran caleidoscopio que nos regale diferentes im\u00e1genes simplemente intercambiando los mismos elementos desde nuestro punto de vista.<br><br>\n\nEse es mi talento, crear nueva belleza con los elementos que ya existen, como lo hace un alquimista.<br><br> \n\nUn alquimista que hoy se siente feliz de estar a tu disposici\u00f3n para que juntos, podamos descubrir el enorme potencial est\u00e9tico que se oculta como un tesoro, \ndentro de ese espacio al que tu llamas hogar.<\/p>\n                    <div class=\"spacer-90 spacer-md-60\"><\/div>\n                    <div class=\"client-slider swiper clip-animation from-down\">\n                        <div class=\"swiper-wrapper\">\n                          <!-- Slides -->\n\t\t\t\t\t\t                            <div class=\"swiper-slide\"><img decoding=\"async\" src=\"http:\/\/localhost:8888\/flen-wp\/wp-content\/uploads\/2024\/01\/logo-1.png\" alt=\"\"><\/div>\n\t\t\t\t\t\t                            <div class=\"swiper-slide\"><img decoding=\"async\" src=\"http:\/\/localhost:8888\/flen-wp\/wp-content\/uploads\/2024\/01\/logo-6.png\" alt=\"\"><\/div>\n\t\t\t\t\t\t                            <div class=\"swiper-slide\"><img decoding=\"async\" src=\"http:\/\/localhost:8888\/flen-wp\/wp-content\/uploads\/2024\/01\/logo-5.png\" alt=\"\"><\/div>\n\t\t\t\t\t\t                            <div class=\"swiper-slide\"><img decoding=\"async\" src=\"http:\/\/localhost:8888\/flen-wp\/wp-content\/uploads\/2024\/01\/logo-4.png\" alt=\"\"><\/div>\n\t\t\t\t\t\t                            <div class=\"swiper-slide\"><img decoding=\"async\" src=\"http:\/\/localhost:8888\/flen-wp\/wp-content\/uploads\/2024\/01\/logo-3.png\" alt=\"\"><\/div>\n\t\t\t\t\t\t                          <\/div>\n                      <\/div>\n                <\/div>\n            <\/div>\n            <div class=\"spacer-150 spacer-md-60 spacer-sm-60\"><\/div>\n              <!-- Video -->\n            <div class=\"about-video\">\n                <div class=\"video-wrapper video-anime\">\n                    <video playsinline loop=\"\" muted=\"\" >\n                        <source src=\"https:\/\/wp-flen.tavonline.co\/wp-content\/uploads\/2024\/01\/agency.mp4\" type=\"video\/mp4\">\n                    <\/video>\n                <\/div>\n            <\/div>\n    <\/div>\n\n\n\n\n\t\t\t\t<\/div>\n\t\t\t\t<\/div>\n\t\t\t\t<\/div>\n\t\t\t\t<\/div>\n\t\t","protected":false},"excerpt":{"rendered":"<p>Soy un convencido de que la est\u00e9tica es cuesti\u00f3n de perspectiva y de que, si tenemos el valor de crear con libertad, siempre podremos descubrir im\u00e1genes hermosas. Mi talento se&#8230;<\/p>\n","protected":false},"author":1,"featured_media":0,"parent":0,"menu_order":4,"comment_status":"closed","ping_status":"closed","template":"","meta":{"_acf_changed":false,"footnotes":""},"class_list":["post-1378","page","type-page","status-publish","hentry"],"acf":[],"_links":{"self":[{"href":"https:\/\/eduardomendozadesign.com\/es\/wp-json\/wp\/v2\/pages\/1378","targetHints":{"allow":["GET"]}}],"collection":[{"href":"https:\/\/eduardomendozadesign.com\/es\/wp-json\/wp\/v2\/pages"}],"about":[{"href":"https:\/\/eduardomendozadesign.com\/es\/wp-json\/wp\/v2\/types\/page"}],"author":[{"embeddable":true,"href":"https:\/\/eduardomendozadesign.com\/es\/wp-json\/wp\/v2\/users\/1"}],"replies":[{"embeddable":true,"href":"https:\/\/eduardomendozadesign.com\/es\/wp-json\/wp\/v2\/comments?post=1378"}],"version-history":[{"count":56,"href":"https:\/\/eduardomendozadesign.com\/es\/wp-json\/wp\/v2\/pages\/1378\/revisions"}],"predecessor-version":[{"id":1973,"href":"https:\/\/eduardomendozadesign.com\/es\/wp-json\/wp\/v2\/pages\/1378\/revisions\/1973"}],"wp:attachment":[{"href":"https:\/\/eduardomendozadesign.com\/es\/wp-json\/wp\/v2\/media?parent=1378"}],"curies":[{"name":"wp","href":"https:\/\/api.w.org\/{rel}","templated":true}]}}