{"id":1382,"date":"2025-09-03T18:44:08","date_gmt":"2025-09-03T16:44:08","guid":{"rendered":"https:\/\/eduardomendozadesign.com\/?page_id=1382"},"modified":"2025-12-09T17:21:20","modified_gmt":"2025-12-09T16:21:20","slug":"que-es-home-alchemy","status":"publish","type":"page","link":"https:\/\/eduardomendozadesign.com\/es\/que-es-home-alchemy\/","title":{"rendered":"\u00bfQu\u00e9 es home alchemy?"},"content":{"rendered":"\t\t<div data-elementor-type=\"wp-page\" data-elementor-id=\"1382\" class=\"elementor elementor-1382\" data-elementor-settings=\"{&quot;ha_cmc_init_switcher&quot;:&quot;no&quot;}\">\n\t\t\t\t<div class=\"elementor-element elementor-element-f06c651 e-con-full cab_queeshome e-flex e-con e-parent\" data-id=\"f06c651\" data-element_type=\"container\" data-e-type=\"container\" id=\"cab_queeshome\" data-settings=\"{&quot;_ha_eqh_enable&quot;:false}\">\n\t\t\t\t<div class=\"elementor-element elementor-element-1749925 elementor-widget elementor-widget-page_header\" data-id=\"1749925\" data-element_type=\"widget\" data-e-type=\"widget\" data-widget_type=\"page_header.default\">\n\t\t\t\t<div class=\"elementor-widget-container\">\n\t\t\t\t\t\n<div class=\"page-caption\">\n\t        <canvas class=\"scene scene--full\" id=\"scene\"><\/canvas>\n\t        <div class=\"spacer-300 spacer-md-200\"><\/div>\n        <div class=\"container\">\n\t\t\t            <h2 class=\"title text-anime\">\u00bfQu\u00e9 es Home Alchemy?<\/h2>\n\t\t\t\t\t\t\t\t\t\t\t<div class=\"spacer-30 spacer-sm-15\"><\/div>\n\t\t\t\t<h6 class=\"text-anime sub-caption\"><\/h6>\n\t\t\t\t        <\/div>\n    <\/div>\n\n\t\t\t\t<\/div>\n\t\t\t\t<\/div>\n\t\t\t\t<\/div>\n\t\t<div class=\"elementor-element elementor-element-cc651b9 e-con-full alchemy_secc1 e-flex e-con e-parent\" data-id=\"cc651b9\" data-element_type=\"container\" data-e-type=\"container\" id=\"alchemy_secc1\" data-settings=\"{&quot;_ha_eqh_enable&quot;:false}\">\n\t\t<div class=\"elementor-element elementor-element-e506064 e-flex e-con-boxed e-con e-child\" data-id=\"e506064\" data-element_type=\"container\" data-e-type=\"container\" data-settings=\"{&quot;_ha_eqh_enable&quot;:false}\">\n\t\t\t\t\t<div class=\"e-con-inner\">\n\t\t\t\t<div class=\"elementor-element elementor-element-8e6b7b6 elementor-invisible elementor-widget elementor-widget-heading\" data-id=\"8e6b7b6\" data-element_type=\"widget\" data-e-type=\"widget\" data-settings=\"{&quot;_animation&quot;:&quot;fadeInUp&quot;,&quot;_animation_delay&quot;:3000}\" data-widget_type=\"heading.default\">\n\t\t\t\t\t<h4 class=\"elementor-heading-title elementor-size-default\">Imagina crear un espacio totalmente nuevo usando solo lo que ya tienes.<\/h4>\t\t\t\t<\/div>\n\t\t\t\t\t<\/div>\n\t\t\t\t<\/div>\n\t\t<div class=\"elementor-element elementor-element-aaad049 e-flex e-con-boxed e-con e-child\" data-id=\"aaad049\" data-element_type=\"container\" data-e-type=\"container\" data-settings=\"{&quot;_ha_eqh_enable&quot;:false}\">\n\t\t\t\t\t<div class=\"e-con-inner\">\n\t\t\t\t<div class=\"elementor-element elementor-element-af9c29f elementor-invisible elementor-widget elementor-widget-text-editor\" data-id=\"af9c29f\" data-element_type=\"widget\" data-e-type=\"widget\" data-settings=\"{&quot;_animation&quot;:&quot;fadeInUp&quot;,&quot;_animation_delay&quot;:4000}\" data-widget_type=\"text-editor.default\">\n\t\t\t\t\t\t\t\t\t<p>Parece magia \u00bfno?. Eso es HOME ALCHEMY, un proceso art\u00edstico capaz de repotenciar la belleza de tu hogar o futura vivienda aprovechando de manera diferente los muebles, objetos o accesorios que ya posees.<\/p><p>El objetivo es ayudar a que te vuelvas a enamorar de tu espacio a trav\u00e9s de una sorprendente renovaci\u00f3n est\u00e9tica capaz de llenarte de nuevas sensaciones sin causarte grandes gastos o complicaciones.<\/p>\t\t\t\t\t\t\t\t<\/div>\n\t\t\t\t\t<\/div>\n\t\t\t\t<\/div>\n\t\t\t\t<\/div>\n\t\t<div class=\"elementor-element elementor-element-3172401 secc_tiposalchemy e-flex e-con-boxed elementor-invisible e-con e-parent\" data-id=\"3172401\" data-element_type=\"container\" data-e-type=\"container\" id=\"secc_tiposalchemy\" data-settings=\"{&quot;animation&quot;:&quot;fadeInUp&quot;,&quot;animation_delay&quot;:5000,&quot;_ha_eqh_enable&quot;:false}\">\n\t\t\t\t\t<div class=\"e-con-inner\">\n\t\t<div class=\"elementor-element elementor-element-956d755 e-flex e-con-boxed e-con e-child\" data-id=\"956d755\" data-element_type=\"container\" data-e-type=\"container\" data-settings=\"{&quot;_ha_eqh_enable&quot;:false}\">\n\t\t\t\t\t<div class=\"e-con-inner\">\n\t\t\t\t<div class=\"elementor-element elementor-element-e1dcd6c elementor-invisible elementor-widget elementor-widget-image\" data-id=\"e1dcd6c\" data-element_type=\"widget\" data-e-type=\"widget\" data-settings=\"{&quot;_animation&quot;:&quot;fadeIn&quot;}\" data-widget_type=\"image.default\">\n\t\t\t\t\t\t\t\t\t\t\t\t\t\t\t\t<a href=\"https:\/\/eduardomendozadesign.com\/home-alchemy-for-living\/\">\n\t\t\t\t\t\t\t<img fetchpriority=\"high\" decoding=\"async\" width=\"960\" height=\"639\" src=\"https:\/\/eduardomendozadesign.com\/wp-content\/uploads\/2025\/09\/6_1.webp\" class=\"attachment-full size-full wp-image-1486\" alt=\"\" srcset=\"https:\/\/eduardomendozadesign.com\/wp-content\/uploads\/2025\/09\/6_1.webp 960w, https:\/\/eduardomendozadesign.com\/wp-content\/uploads\/2025\/09\/6_1-300x200.webp 300w, https:\/\/eduardomendozadesign.com\/wp-content\/uploads\/2025\/09\/6_1-768x511.webp 768w\" sizes=\"(max-width: 960px) 100vw, 960px\" \/>\t\t\t\t\t\t\t\t<\/a>\n\t\t\t\t\t\t\t\t\t\t\t\t\t\t\t<\/div>\n\t\t\t\t<div class=\"elementor-element elementor-element-9d770a6 elementor-widget elementor-widget-heading\" data-id=\"9d770a6\" data-element_type=\"widget\" data-e-type=\"widget\" data-widget_type=\"heading.default\">\n\t\t\t\t\t<h6 class=\"elementor-heading-title elementor-size-default\"><a href=\"https:\/\/eduardomendozadesign.com\/home-alchemy-for-living\/\">HOME ALCHEMY FOR LIVING<\/a><\/h6>\t\t\t\t<\/div>\n\t\t\t\t\t<\/div>\n\t\t\t\t<\/div>\n\t\t<div class=\"elementor-element elementor-element-1e8d2d8 e-flex e-con-boxed e-con e-child\" data-id=\"1e8d2d8\" data-element_type=\"container\" data-e-type=\"container\" data-settings=\"{&quot;_ha_eqh_enable&quot;:false}\">\n\t\t\t\t\t<div class=\"e-con-inner\">\n\t\t\t\t<div class=\"elementor-element elementor-element-c321708 animated-slow elementor-invisible elementor-widget elementor-widget-image\" data-id=\"c321708\" data-element_type=\"widget\" data-e-type=\"widget\" data-settings=\"{&quot;_animation&quot;:&quot;fadeIn&quot;,&quot;_animation_delay&quot;:3}\" data-widget_type=\"image.default\">\n\t\t\t\t\t\t\t\t\t\t\t\t\t\t\t\t<a href=\"https:\/\/eduardomendozadesign.com\/home-alchemy-for-real-state\/\">\n\t\t\t\t\t\t\t<img decoding=\"async\" width=\"960\" height=\"639\" src=\"https:\/\/eduardomendozadesign.com\/wp-content\/uploads\/2025\/09\/20-1.webp\" class=\"attachment-full size-full wp-image-1485\" alt=\"\" srcset=\"https:\/\/eduardomendozadesign.com\/wp-content\/uploads\/2025\/09\/20-1.webp 960w, https:\/\/eduardomendozadesign.com\/wp-content\/uploads\/2025\/09\/20-1-300x200.webp 300w, https:\/\/eduardomendozadesign.com\/wp-content\/uploads\/2025\/09\/20-1-768x511.webp 768w\" sizes=\"(max-width: 960px) 100vw, 960px\" \/>\t\t\t\t\t\t\t\t<\/a>\n\t\t\t\t\t\t\t\t\t\t\t\t\t\t\t<\/div>\n\t\t\t\t<div class=\"elementor-element elementor-element-14440d7 elementor-widget elementor-widget-heading\" data-id=\"14440d7\" data-element_type=\"widget\" data-e-type=\"widget\" data-widget_type=\"heading.default\">\n\t\t\t\t\t<h6 class=\"elementor-heading-title elementor-size-default\"><a href=\"https:\/\/eduardomendozadesign.com\/home-alchemy-for-real-state\/\">HOME ALCHEMY FOR REAL ESTATE<\/a><\/h6>\t\t\t\t<\/div>\n\t\t\t\t\t<\/div>\n\t\t\t\t<\/div>\n\t\t\t\t\t<\/div>\n\t\t\t\t<\/div>\n\t\t<div class=\"elementor-element elementor-element-a92323b elementor-hidden-desktop elementor-hidden-tablet elementor-hidden-mobile e-flex e-con-boxed e-con e-parent\" data-id=\"a92323b\" data-element_type=\"container\" data-e-type=\"container\" data-settings=\"{&quot;_ha_eqh_enable&quot;:false}\">\n\t\t\t\t\t<div class=\"e-con-inner\">\n\t\t\t\t<div class=\"elementor-element elementor-element-b9441c7 elementor-widget elementor-widget-testimonials\" data-id=\"b9441c7\" data-element_type=\"widget\" data-e-type=\"widget\" data-widget_type=\"testimonials.default\">\n\t\t\t\t<div class=\"elementor-widget-container\">\n\t\t\t\t\t\n<div class=\"testimonials\">\n\t\t<div class=\"row\">\n\t\t\t<div class=\"col-xl-8 col-10 offset-1 offset-xl-2\">\n\t\t\t\t<div class=\"testimonial-wrap\">\n\t\t\t\t<div class=\"testimonial-slider\">\n\t\t\t\t\t<div class=\"slider-arrows\">\n\t\t\t\t\t\t<i class=\"ri-arrow-left-line\"><\/i>\n\t\t\t\t\t\t<div class=\"active number\" data-slide-count=\"1\">01<\/div>\n\t\t\t\t\t\t<div class=\"progress\"><span><\/span><\/div>\n\t\t\t\t\t\t<div class=\"total number\">05<\/div>\n\t\t\t\t\t\t<i class=\"ri-arrow-right-line\"><\/i>\n\t\t\t\t\t<\/div>\n\t\t\t\t\t<div class=\"swiper-wrapper\">\n\t\t\t\t\t\t\t\t\t\t<div class=\"swiper-slide\">\n\t\t\t\t\t\t<h6>Cuando Eduardo termin\u00f3 su proceso nos quedamos sorprendidos. Solo se hab\u00edan movido algunos muebles y todo cambi\u00f3, se ve\u00eda como si nos hubi\u00e9semos mudado a otro departamento. Nosotros lo recomendar\u00edamos, porque estamos muy Felices, y no hemos necesitado invertir en otros Muebles para lograr lo que deseamos, y eso es importante hoy d\u00eda.<\/h6>\n\t\t\t\t\t\t<div class=\"author\">C\u00e9sar y Rosa Mendoza. (Lima,Per\u00fa)<br><\/div>\n\t\t\t\t\t<\/div>\n\t\t\t\t\t\t\t\t\t\t<div class=\"swiper-slide\">\n\t\t\t\t\t\t<h6>Cuando Eduardo termin\u00f3 su proceso nos quedamos sorprendidos. Solo se hab\u00edan movido algunos muebles y todo cambi\u00f3, se ve\u00eda como si nos hubi\u00e9semos mudado a otro departamento. Nosotros lo recomendar\u00edamos, porque estamos muy Felices, y no hemos necesitado invertir en otros Muebles para lograr lo que deseamos, y eso es importante hoy d\u00eda.<\/h6>\n\t\t\t\t\t\t<div class=\"author\">C\u00e9sar y Rosa Mendoza. (Lima,Per\u00fa)<br><\/div>\n\t\t\t\t\t<\/div>\n\t\t\t\t\t\t\t\t\t\t<div class=\"swiper-slide\">\n\t\t\t\t\t\t<h6>Cuando Eduardo termin\u00f3 su proceso nos quedamos sorprendidos. Solo se hab\u00edan movido algunos muebles y todo cambi\u00f3, se ve\u00eda como si nos hubi\u00e9semos mudado a otro departamento. Nosotros lo recomendar\u00edamos, porque estamos muy Felices, y no hemos necesitado invertir en otros Muebles para lograr lo que deseamos, y eso es importante hoy d\u00eda.<\/h6>\n\t\t\t\t\t\t<div class=\"author\">C\u00e9sar y Rosa Mendoza. (Lima,Per\u00fa)<br><\/div>\n\t\t\t\t\t<\/div>\n\t\t\t\t\t\t\t\t\t\t<div class=\"swiper-slide\">\n\t\t\t\t\t\t<h6>Cuando Eduardo termin\u00f3 su proceso nos quedamos sorprendidos. Solo se hab\u00edan movido algunos muebles y todo cambi\u00f3, se ve\u00eda como si nos hubi\u00e9semos mudado a otro departamento. Nosotros lo recomendar\u00edamos, porque estamos muy Felices, y no hemos necesitado invertir en otros Muebles para lograr lo que deseamos, y eso es importante hoy d\u00eda.<\/h6>\n\t\t\t\t\t\t<div class=\"author\">C\u00e9sar y Rosa Mendoza. (Lima,Per\u00fa)<br><\/div>\n\t\t\t\t\t<\/div>\n\t\t\t\t\t\t\t\t\t\t<div class=\"swiper-slide\">\n\t\t\t\t\t\t<h6>Cuando Eduardo termin\u00f3 su proceso nos quedamos sorprendidos. Solo se hab\u00edan movido algunos muebles y todo cambi\u00f3, se ve\u00eda como si nos hubi\u00e9semos mudado a otro departamento. Nosotros lo recomendar\u00edamos, porque estamos muy Felices, y no hemos necesitado invertir en otros Muebles para lograr lo que deseamos, y eso es importante hoy d\u00eda.<\/h6>\n\t\t\t\t\t\t<div class=\"author\">C\u00e9sar y Rosa Mendoza. (Lima,Per\u00fa)<br><\/div>\n\t\t\t\t\t<\/div>\n\t\t\t\t\t\t\t\t\t\t<\/div>\n\t\t\t\t\t<\/div>\n\t\t\t\t<\/div>\n\t\t\t<\/div>\n\t\t<\/div>\n    <\/div>\n\n\t\t\t\t<\/div>\n\t\t\t\t<\/div>\n\t\t\t\t\t<\/div>\n\t\t\t\t<\/div>\n\t\t\t\t<\/div>\n\t\t","protected":false},"excerpt":{"rendered":"<p>\u00bfQu\u00e9 es Home Alchemy? Imagina crear un espacio totalmente nuevo usando solo lo que ya tienes. Parece magia \u00bfno?. Eso es HOME ALCHEMY, un proceso art\u00edstico capaz de repotenciar la&#8230;<\/p>\n","protected":false},"author":1,"featured_media":0,"parent":0,"menu_order":6,"comment_status":"closed","ping_status":"closed","template":"","meta":{"_acf_changed":false,"footnotes":""},"class_list":["post-1382","page","type-page","status-publish","hentry"],"acf":[],"_links":{"self":[{"href":"https:\/\/eduardomendozadesign.com\/es\/wp-json\/wp\/v2\/pages\/1382","targetHints":{"allow":["GET"]}}],"collection":[{"href":"https:\/\/eduardomendozadesign.com\/es\/wp-json\/wp\/v2\/pages"}],"about":[{"href":"https:\/\/eduardomendozadesign.com\/es\/wp-json\/wp\/v2\/types\/page"}],"author":[{"embeddable":true,"href":"https:\/\/eduardomendozadesign.com\/es\/wp-json\/wp\/v2\/users\/1"}],"replies":[{"embeddable":true,"href":"https:\/\/eduardomendozadesign.com\/es\/wp-json\/wp\/v2\/comments?post=1382"}],"version-history":[{"count":109,"href":"https:\/\/eduardomendozadesign.com\/es\/wp-json\/wp\/v2\/pages\/1382\/revisions"}],"predecessor-version":[{"id":2659,"href":"https:\/\/eduardomendozadesign.com\/es\/wp-json\/wp\/v2\/pages\/1382\/revisions\/2659"}],"wp:attachment":[{"href":"https:\/\/eduardomendozadesign.com\/es\/wp-json\/wp\/v2\/media?parent=1382"}],"curies":[{"name":"wp","href":"https:\/\/api.w.org\/{rel}","templated":true}]}}