{"id":1613,"date":"2025-09-17T07:06:36","date_gmt":"2025-09-17T05:06:36","guid":{"rendered":"https:\/\/eduardomendozadesign.com\/?page_id=1613"},"modified":"2025-12-09T17:23:13","modified_gmt":"2025-12-09T16:23:13","slug":"home-principal","status":"publish","type":"page","link":"https:\/\/eduardomendozadesign.com\/es\/","title":{"rendered":"Home"},"content":{"rendered":"\t\t<div data-elementor-type=\"wp-page\" data-elementor-id=\"1613\" class=\"elementor elementor-1613\" data-elementor-settings=\"{&quot;ha_cmc_init_switcher&quot;:&quot;no&quot;}\">\n\t\t\t\t<div class=\"elementor-element elementor-element-93d879a e-con-full secc_home1 e-flex e-con e-parent\" data-id=\"93d879a\" data-element_type=\"container\" data-e-type=\"container\" id=\"secc_home1\" data-settings=\"{&quot;_ha_eqh_enable&quot;:false}\">\n\t\t\t\t<div class=\"elementor-element elementor-element-649c4c4 elementor-widget elementor-widget-freelancer_hero\" data-id=\"649c4c4\" data-element_type=\"widget\" data-e-type=\"widget\" data-widget_type=\"freelancer_hero.default\">\n\t\t\t\t<div class=\"elementor-widget-container\">\n\t\t\t\t\t\n\n\t\t<div class=\"freelancer-hero\">\n\t\t\t<div class=\"container\">\n\t\t\t\t<div class=\"col-8\">\n\t\t\t\t\t<span class=\"hi text-anime\">Soy Eduardo Mendoza<\/span>\n\t\t\t\t\t<div class=\"spacer-75\"><\/div>\n\t\t\t\t\t<h1 class=\"title text-anime\">\ny quiero<br>\nque me conozcas.<\/h1>\n\t\t\t\t<\/div>\n\t\t\t<\/div>\n\t\t\t<img decoding=\"async\" class=\"image bottom\" src=\"https:\/\/eduardomendozadesign.com\/wp-content\/uploads\/2025\/10\/eduardo_mendoza_v3.webp\">\n\t\t<\/div>\n\n\n\t\t\t\t<\/div>\n\t\t\t\t<\/div>\n\t\t\t\t<\/div>\n\t\t<div class=\"elementor-element elementor-element-70f6617 secc_convencido e-flex e-con-boxed e-con e-parent\" data-id=\"70f6617\" data-element_type=\"container\" data-e-type=\"container\" id=\"secc_convencido\" data-settings=\"{&quot;_ha_eqh_enable&quot;:false}\">\n\t\t\t\t\t<div class=\"e-con-inner\">\n\t\t\t\t<div class=\"elementor-element elementor-element-4e1e61d elementor-widget elementor-widget-about_me\" data-id=\"4e1e61d\" data-element_type=\"widget\" data-e-type=\"widget\" data-widget_type=\"about_me.default\">\n\t\t\t\t<div class=\"elementor-widget-container\">\n\t\t\t\t\t\n\n<div class=\"about-freelancer\">\n\t<div class=\"spacer-120 spacer-sm-60\"><\/div>\n\t\t<div class=\"section-title\">\n\t\t\t<span class=\"subheading text-anime\"><\/span>\n\t\t\t<div class=\"spacer-30 spacer-md-15\"><\/div>\n\t\t\t<h2 class=\"text-anime\">\"Soy un convencido de que la est\u00e9tica es cuesti\u00f3n de perspectiva y de que, si tenemos el valor de crear con libertad, siempre podremos descubrir im\u00e1genes hermosas.\"<\/h2>\n\t\t<\/div>\n\t<div class=\"spacer-120 spacer-sm-60\"><\/div>\n<\/div>\n\n\n\n\t\t\t\t<\/div>\n\t\t\t\t<\/div>\n\t\t\t\t\t<\/div>\n\t\t\t\t<\/div>\n\t\t<div class=\"elementor-element elementor-element-9e794eb e-flex e-con-boxed elementor-invisible e-con e-parent\" data-id=\"9e794eb\" data-element_type=\"container\" data-e-type=\"container\" data-settings=\"{&quot;animation&quot;:&quot;fadeInUp&quot;,&quot;animation_delay&quot;:1500,&quot;_ha_eqh_enable&quot;:false}\">\n\t\t\t\t\t<div class=\"e-con-inner\">\n\t\t<div class=\"elementor-element elementor-element-bbfcf94 e-con-full e-flex e-con e-child\" data-id=\"bbfcf94\" data-element_type=\"container\" data-e-type=\"container\" data-settings=\"{&quot;_ha_eqh_enable&quot;:false}\">\n\t\t\t\t<div class=\"elementor-element elementor-element-21ca266 elementor-widget elementor-widget-heading\" data-id=\"21ca266\" data-element_type=\"widget\" data-e-type=\"widget\" data-widget_type=\"heading.default\">\n\t\t\t\t\t<h2 class=\"elementor-heading-title elementor-size-default\">\u00bfQu\u00e9 es Home Alchemy?<\/h2>\t\t\t\t<\/div>\n\t\t\t\t<\/div>\n\t\t<div class=\"elementor-element elementor-element-cff4ad6 e-con-full e-flex e-con e-child\" data-id=\"cff4ad6\" data-element_type=\"container\" data-e-type=\"container\" data-settings=\"{&quot;_ha_eqh_enable&quot;:false}\">\n\t\t\t\t<div class=\"elementor-element elementor-element-ecdd8f2 elementor-widget elementor-widget-text-editor\" data-id=\"ecdd8f2\" data-element_type=\"widget\" data-e-type=\"widget\" data-widget_type=\"text-editor.default\">\n\t\t\t\t\t\t\t\t\t<p>Imagina crear un espacio totalmente nuevo usando solo lo que ya tienes.<\/p>\t\t\t\t\t\t\t\t<\/div>\n\t\t\t\t<\/div>\n\t\t\t\t\t<\/div>\n\t\t\t\t<\/div>\n\t\t<div class=\"elementor-element elementor-element-fe0b07c e-con-full secc_que_eshomealchemy e-flex elementor-invisible e-con e-parent\" data-id=\"fe0b07c\" data-element_type=\"container\" data-e-type=\"container\" id=\"secc_que_eshomealchemy\" data-settings=\"{&quot;animation&quot;:&quot;fadeInUp&quot;,&quot;animation_delay&quot;:1200,&quot;_ha_eqh_enable&quot;:false}\">\n\t\t<div class=\"elementor-element elementor-element-d134233 e-con-full e-flex e-con e-child\" data-id=\"d134233\" data-element_type=\"container\" data-e-type=\"container\" data-settings=\"{&quot;_ha_eqh_enable&quot;:false}\">\n\t\t<div class=\"elementor-element elementor-element-3a004f3 e-flex e-con-boxed e-con e-child\" data-id=\"3a004f3\" data-element_type=\"container\" data-e-type=\"container\" data-settings=\"{&quot;_ha_eqh_enable&quot;:false}\">\n\t\t\t\t\t<div class=\"e-con-inner\">\n\t\t<div class=\"elementor-element elementor-element-2b38629 e-con-full e-flex e-con e-child\" data-id=\"2b38629\" data-element_type=\"container\" data-e-type=\"container\" data-settings=\"{&quot;_ha_eqh_enable&quot;:false}\">\n\t\t\t\t<div class=\"elementor-element elementor-element-1eae308 elementor-widget elementor-widget-heading\" data-id=\"1eae308\" data-element_type=\"widget\" data-e-type=\"widget\" data-widget_type=\"heading.default\">\n\t\t\t\t\t<h3 class=\"elementor-heading-title elementor-size-default\">Home Alchemy For Living<\/h3>\t\t\t\t<\/div>\n\t\t\t\t<\/div>\n\t\t<div class=\"elementor-element elementor-element-8e29f1e e-con-full e-flex e-con e-child\" data-id=\"8e29f1e\" data-element_type=\"container\" data-e-type=\"container\" data-settings=\"{&quot;_ha_eqh_enable&quot;:false}\">\n\t\t\t\t<div class=\"elementor-element elementor-element-ff67e5a elementor-widget elementor-widget-text-editor\" data-id=\"ff67e5a\" data-element_type=\"widget\" data-e-type=\"widget\" data-widget_type=\"text-editor.default\">\n\t\t\t\t\t\t\t\t\t<p>Vuelve a enamorarte de tu espacio y si\u00e9ntete orgulloso de tu hogar a trav\u00e9s de un novedoso proceso de reordenamiento que utiliza los elementos que ya tienes para construir una nueva perspectiva est\u00e9tica.<\/p>\t\t\t\t\t\t\t\t<\/div>\n\t\t\t\t<\/div>\n\t\t\t\t\t<\/div>\n\t\t\t\t<\/div>\n\t\t\t\t<\/div>\n\t\t<div class=\"elementor-element elementor-element-e3b0c2e e-con-full e-flex e-con e-child\" data-id=\"e3b0c2e\" data-element_type=\"container\" data-e-type=\"container\" data-settings=\"{&quot;_ha_eqh_enable&quot;:false}\">\n\t\t<div class=\"elementor-element elementor-element-73bbb12 e-flex e-con-boxed e-con e-child\" data-id=\"73bbb12\" data-element_type=\"container\" data-e-type=\"container\" data-settings=\"{&quot;_ha_eqh_enable&quot;:false}\">\n\t\t\t\t\t<div class=\"e-con-inner\">\n\t\t<div class=\"elementor-element elementor-element-45623ec e-con-full e-flex e-con e-child\" data-id=\"45623ec\" data-element_type=\"container\" data-e-type=\"container\" data-settings=\"{&quot;_ha_eqh_enable&quot;:false}\">\n\t\t\t\t<div class=\"elementor-element elementor-element-4208017 elementor-widget elementor-widget-heading\" data-id=\"4208017\" data-element_type=\"widget\" data-e-type=\"widget\" data-widget_type=\"heading.default\">\n\t\t\t\t\t<h3 class=\"elementor-heading-title elementor-size-default\">Home Alchemy For Real Estate<\/h3>\t\t\t\t<\/div>\n\t\t\t\t<\/div>\n\t\t<div class=\"elementor-element elementor-element-23a2cc8 e-con-full e-flex e-con e-child\" data-id=\"23a2cc8\" data-element_type=\"container\" data-e-type=\"container\" data-settings=\"{&quot;_ha_eqh_enable&quot;:false}\">\n\t\t\t\t<div class=\"elementor-element elementor-element-ae59eb3 elementor-widget elementor-widget-text-editor\" data-id=\"ae59eb3\" data-element_type=\"widget\" data-e-type=\"widget\" data-widget_type=\"text-editor.default\">\n\t\t\t\t\t\t\t\t\t<p>Maximiza el valor del inmueble que est\u00e1s vendiendo otorg\u00e1ndole una est\u00e9tica magn\u00e9tica. Convierte a las im\u00e1genes en efectivas herramientas de venta capturando la atenci\u00f3n de posibles clientes.<\/p>\t\t\t\t\t\t\t\t<\/div>\n\t\t\t\t<\/div>\n\t\t\t\t\t<\/div>\n\t\t\t\t<\/div>\n\t\t\t\t<\/div>\n\t\t\t\t<\/div>\n\t\t<div class=\"elementor-element elementor-element-b1e191c e-con-full e-flex e-con e-parent\" data-id=\"b1e191c\" data-element_type=\"container\" data-e-type=\"container\" data-settings=\"{&quot;_ha_eqh_enable&quot;:false}\">\n\t\t\t\t<div class=\"elementor-element elementor-element-c2ad722 elementor-widget elementor-widget-perspective_slider\" data-id=\"c2ad722\" data-element_type=\"widget\" data-e-type=\"widget\" data-widget_type=\"perspective_slider.default\">\n\t\t\t\t<div class=\"elementor-widget-container\">\n\t\t\t\t\t\n<div class=\"perspective-slider\">\n\t\t\t\t\t\t\t\t\t<div class=\"slide\">\n\t\t\t\t\t\t\t\t\t<a href=\"\"  target=&quot;_blank&quot; data-cursor-type=\"arrow\" data-cursor-color=\"\" class=\"image\" style=\"background-image: url(https:\/\/eduardomendozadesign.com\/wp-content\/uploads\/2025\/09\/48.webp);\">\n\t\t\t\t\t\t<div class=\"slider-content\">\n\t\t\t\t\t\t\t<span class=\"category\"><\/span>\n\t\t\t\t\t\t\t<h1 data-splitting><\/h1>\n\t\t\t\t\t\t<\/div>\n\t\t\t\t\t\t\t\t\t\t\t<\/a>\n\t\t\t\t<\/div>\n\t\t\t\t\t\t\t\t\t\t\t\t\t<div class=\"slide\">\n\t\t\t\t\t\t\t\t\t<a href=\"\"  target=&quot;_blank&quot; data-cursor-type=\"arrow\" data-cursor-color=\"\" class=\"image\" style=\"background-image: url(https:\/\/eduardomendozadesign.com\/wp-content\/uploads\/2025\/09\/50.webp);\">\n\t\t\t\t\t\t<div class=\"slider-content\">\n\t\t\t\t\t\t\t<span class=\"category\"><\/span>\n\t\t\t\t\t\t\t<h1 data-splitting><\/h1>\n\t\t\t\t\t\t<\/div>\n\t\t\t\t\t\t\t\t\t\t\t<\/a>\n\t\t\t\t<\/div>\n\t\t\t\t\t\t\t\t\t\t\t\t\t<div class=\"slide\">\n\t\t\t\t\t\t\t\t\t<a href=\"\"  target=&quot;_blank&quot; data-cursor-type=\"arrow\" data-cursor-color=\"\" class=\"image\" style=\"background-image: url(https:\/\/eduardomendozadesign.com\/wp-content\/uploads\/2025\/09\/54.webp);\">\n\t\t\t\t\t\t<div class=\"slider-content\">\n\t\t\t\t\t\t\t<span class=\"category\"><\/span>\n\t\t\t\t\t\t\t<h1 data-splitting><\/h1>\n\t\t\t\t\t\t<\/div>\n\t\t\t\t\t\t\t\t\t\t\t<\/a>\n\t\t\t\t<\/div>\n\t\t\t\t\t\t\t\t<\/div>\n\n\t\t<div class=\"slider-bottom pers-bottom\">\n                <div class=\"row\">\n                    <div class=\"col-6\">\n\t\t\t\t\t\t                        <a href=\"#target\" class=\"scroll-to-explore pers-redirect\" data-duration=\"2000\">\n                            <span data-hover=\"Scroll to Explore\">Scroll to Explore<\/span>\n                            <i class=\"ri-arrow-right-down-line\"><\/i>\n                        <\/a>\n\t\t\t\t\t\t                    <\/div>\n                    <div class=\"col-6 align-right\">\n\t\t\t\t\t\t                        <div class=\"slide-number-wrap\">\n                            <div class=\"slide-numbers pers\"><\/div>\n                            <div class=\"total-slide\"><\/div>\n                        <\/div>\n\t\t\t\t\t\t                    <\/div>\n                <\/div>\n            <\/div>\n\n\t\t\t\t<\/div>\n\t\t\t\t<\/div>\n\t\t\t\t<\/div>\n\t\t<div class=\"elementor-element elementor-element-851c26a e-con-full e-flex e-con e-parent\" data-id=\"851c26a\" data-element_type=\"container\" data-e-type=\"container\" data-settings=\"{&quot;_ha_eqh_enable&quot;:false}\">\n\t\t<div class=\"elementor-element elementor-element-ad97b0a e-con-full e-flex e-con e-child\" data-id=\"ad97b0a\" data-element_type=\"container\" data-e-type=\"container\" data-settings=\"{&quot;_ha_eqh_enable&quot;:false}\">\n\t\t\t\t<div class=\"elementor-element elementor-element-d1a29db elementor-widget elementor-widget-typography\" data-id=\"d1a29db\" data-element_type=\"widget\" data-e-type=\"widget\" data-widget_type=\"typography.default\">\n\t\t\t\t<div class=\"elementor-widget-container\">\n\t\t\t\t\t\n\t<h3 style=\"text-align:left\"  >Cont\u00e1ctanos<\/h3>\n\n\n\n\t\t\t\t<\/div>\n\t\t\t\t<\/div>\n\t\t\t\t<div class=\"elementor-element elementor-element-f4521ab elementor-widget elementor-widget-shortcode\" data-id=\"f4521ab\" data-element_type=\"widget\" data-e-type=\"widget\" data-widget_type=\"shortcode.default\">\n\t\t\t\t\t\t\t<div class=\"elementor-shortcode\">\n<div class=\"wpcf7 no-js\" id=\"wpcf7-f845-o1\" lang=\"es-ES\" dir=\"ltr\" data-wpcf7-id=\"845\">\n<div class=\"screen-reader-response\"><p role=\"status\" aria-live=\"polite\" aria-atomic=\"true\"><\/p> <ul><\/ul><\/div>\n<form action=\"\/es\/wp-json\/wp\/v2\/pages\/1613#wpcf7-f845-o1\" method=\"post\" class=\"wpcf7-form init\" aria-label=\"Formulario de contacto\" novalidate=\"novalidate\" data-status=\"init\">\n<fieldset class=\"hidden-fields-container\"><input type=\"hidden\" name=\"_wpcf7\" value=\"845\" \/><input type=\"hidden\" name=\"_wpcf7_version\" value=\"6.1.5\" \/><input type=\"hidden\" name=\"_wpcf7_locale\" value=\"es_ES\" \/><input type=\"hidden\" name=\"_wpcf7_unit_tag\" value=\"wpcf7-f845-o1\" \/><input type=\"hidden\" name=\"_wpcf7_container_post\" value=\"0\" \/><input type=\"hidden\" name=\"_wpcf7_posted_data_hash\" value=\"\" \/><input type=\"hidden\" name=\"_wpcf7_recaptcha_response\" value=\"\" \/>\n<\/fieldset>\n<p><span class=\"wpcf7-form-control-wrap\" data-name=\"nombres\"><input size=\"40\" maxlength=\"400\" class=\"wpcf7-form-control wpcf7-text contact-bar\" aria-invalid=\"false\" placeholder=\"Nombres\" value=\"\" type=\"text\" name=\"nombres\" \/><\/span>\n<\/p>\n<p><span class=\"wpcf7-form-control-wrap\" data-name=\"email\"><input size=\"40\" maxlength=\"400\" class=\"wpcf7-form-control wpcf7-email wpcf7-text wpcf7-validates-as-email contact-bar\" aria-invalid=\"false\" placeholder=\"Email\" value=\"\" type=\"email\" name=\"email\" \/><\/span>\n<\/p>\n<p><span class=\"wpcf7-form-control-wrap\" data-name=\"asunto\"><input size=\"40\" maxlength=\"400\" class=\"wpcf7-form-control wpcf7-text contact-bar\" aria-invalid=\"false\" placeholder=\"Asunto\" value=\"\" type=\"text\" name=\"asunto\" \/><\/span>\n<\/p>\n<p><span class=\"wpcf7-form-control-wrap\" data-name=\"mensaje\"><textarea cols=\"40\" rows=\"10\" maxlength=\"2000\" class=\"wpcf7-form-control wpcf7-textarea contact-bar\" aria-invalid=\"false\" placeholder=\"Cu\u00e9ntame sobre tu proyecto\" name=\"mensaje\"><\/textarea><\/span>\n<\/p>\n<p><input class=\"wpcf7-form-control wpcf7-submit has-spinner form-btn\" type=\"submit\" value=\"ENV\u00cdALO\" \/>\n<\/p><div class=\"wpcf7-response-output\" aria-hidden=\"true\"><\/div>\n<\/form>\n<\/div>\n<\/div>\n\t\t\t\t\t\t<\/div>\n\t\t\t\t<\/div>\n\t\t\t\t<\/div>\n\t\t\t\t<\/div>\n\t\t","protected":false},"excerpt":{"rendered":"<p>Soy Eduardo Mendoza y quiero que me conozcas. \u00abSoy un convencido de que la est\u00e9tica es cuesti\u00f3n de perspectiva y de que, si tenemos el valor de crear con libertad,&#8230;<\/p>\n","protected":false},"author":1,"featured_media":0,"parent":0,"menu_order":2,"comment_status":"closed","ping_status":"closed","template":"","meta":{"_acf_changed":false,"footnotes":""},"class_list":["post-1613","page","type-page","status-publish","hentry"],"acf":[],"_links":{"self":[{"href":"https:\/\/eduardomendozadesign.com\/es\/wp-json\/wp\/v2\/pages\/1613","targetHints":{"allow":["GET"]}}],"collection":[{"href":"https:\/\/eduardomendozadesign.com\/es\/wp-json\/wp\/v2\/pages"}],"about":[{"href":"https:\/\/eduardomendozadesign.com\/es\/wp-json\/wp\/v2\/types\/page"}],"author":[{"embeddable":true,"href":"https:\/\/eduardomendozadesign.com\/es\/wp-json\/wp\/v2\/users\/1"}],"replies":[{"embeddable":true,"href":"https:\/\/eduardomendozadesign.com\/es\/wp-json\/wp\/v2\/comments?post=1613"}],"version-history":[{"count":119,"href":"https:\/\/eduardomendozadesign.com\/es\/wp-json\/wp\/v2\/pages\/1613\/revisions"}],"predecessor-version":[{"id":2662,"href":"https:\/\/eduardomendozadesign.com\/es\/wp-json\/wp\/v2\/pages\/1613\/revisions\/2662"}],"wp:attachment":[{"href":"https:\/\/eduardomendozadesign.com\/es\/wp-json\/wp\/v2\/media?parent=1613"}],"curies":[{"name":"wp","href":"https:\/\/api.w.org\/{rel}","templated":true}]}}